{"id":2405,"date":"2022-08-30T14:08:30","date_gmt":"2022-08-30T14:08:30","guid":{"rendered":"https:\/\/thegenius.co\/wp\/finlon\/live\/?page_id=2405"},"modified":"2025-09-03T12:42:11","modified_gmt":"2025-09-03T12:42:11","slug":"contactos","status":"publish","type":"page","link":"https:\/\/www.incrediblefinance.eu\/en\/contactos\/","title":{"rendered":"Contactos"},"content":{"rendered":"<div data-elementor-type=\"wp-page\" data-elementor-id=\"2405\" class=\"elementor elementor-2405\" data-elementor-post-type=\"page\">\n\t\t\t\t\t\t<section class=\"elementor-section elementor-top-section elementor-element elementor-element-61c2ccb contact-one finlon-column-stretched-none elementor-section-boxed elementor-section-height-default elementor-section-height-default\" data-id=\"61c2ccb\" data-element_type=\"section\">\n\t\t\t\t\t\t\t<div class=\"elementor-background-overlay\"><\/div>\n\t\t\t\t\t\t\t<div class=\"elementor-container elementor-column-gap-default\">\n\t\t\t\t\t<div class=\"elementor-column elementor-col-50 elementor-top-column elementor-element elementor-element-860c5eb\" data-id=\"860c5eb\" data-element_type=\"column\">\n\t\t\t<div class=\"elementor-widget-wrap elementor-element-populated\">\n\t\t\t\t\t\t<div class=\"elementor-element elementor-element-f2afded elementor-widget elementor-widget-finlon_title\" data-id=\"f2afded\" data-element_type=\"widget\" data-widget_type=\"finlon_title.default\">\n\t\t\t\t<div class=\"elementor-widget-container\">\n\t\t\t\t\t\t\t<div class=\"block-title-wrapper\">\r\n\t\t\t<div class=\"block-title\">\r\n\t\t\t\t\t\t\t\t\t\t\t\t\t<h2 class=\"block-title__title\">Simula o Teu Cr\u00e9dito Habita\u00e7\u00e3o Connosco.<\/h2><!-- \/.block-title__title -->\r\n\t\t\t\t\t\t\t\t\t\t\t<\/div>\r\n\t\t\t\t\t\t\t<div class=\"block-title__desc\"><p><span class=\"ui-provider ej bup vy buq bur bus but buu buv buw bux buy buz bva bvb bvc bvd bve bvf bvg bvh bvi bvj bvk bvl bvm bvn bvo bvp bvq bvr bvs bvt bvu bvv\">Estamos aqui para simplificar a negocia\u00e7\u00e3o do teu cr\u00e9dito habita\u00e7\u00e3o<\/span>, garantindo um futuro mais seguro e tranquilo.<\/p><\/div>\r\n\t\t\t\t\t<\/div>\r\n\t\t\t\t\t<\/div>\n\t\t\t\t<\/div>\n\t\t\t\t<div class=\"elementor-element elementor-element-54a5095 elementor-icon-list--layout-inline elementor-list-item-link-full_width elementor-widget elementor-widget-icon-list\" data-id=\"54a5095\" data-element_type=\"widget\" data-widget_type=\"icon-list.default\">\n\t\t\t\t<div class=\"elementor-widget-container\">\n\t\t\t\t\t\t\t<ul class=\"elementor-icon-list-items elementor-inline-items\">\n\t\t\t\t\t\t\t<li class=\"elementor-icon-list-item elementor-inline-item\">\n\t\t\t\t\t\t\t\t\t\t\t<a href=\"https:\/\/www.facebook.com\/Incrediblefinance\">\n\n\t\t\t\t\t\t\t\t\t\t\t\t<span class=\"elementor-icon-list-icon\">\n\t\t\t\t\t\t\t<svg xmlns=\"http:\/\/www.w3.org\/2000\/svg\" width=\"43\" height=\"43\" viewbox=\"0 0 43 43\" fill=\"none\"><circle cx=\"21.5\" cy=\"21.5\" r=\"20.5\" fill=\"#DCECFF\"><\/circle><path fill-rule=\"evenodd\" clip-rule=\"evenodd\" d=\"M21.5576 12C26.8365 12 31.1152 16.2787 31.1152 21.5576C31.1152 26.3286 27.6221 30.2825 23.0554 31V24.3228H25.2811L25.7053 21.5576H25.6995L25.6996 21.5568H23.0554V19.7665C23.0554 19.0124 23.422 18.274 24.6108 18.274H25.8153V15.9225C25.8153 15.9225 25.7099 15.9044 25.5333 15.8794C25.1422 15.8238 24.3936 15.7332 23.6677 15.7332C21.4838 15.7332 20.0593 17.0582 20.0593 19.4515V21.5568H17.6346V24.322H17.6403V24.3228H20.0593V30.9991C15.4902 30.2792 12 26.3266 12 21.5576C12 16.2787 16.2787 12 21.5576 12Z\" fill=\"#DB4041\"><\/path><\/svg>\t\t\t\t\t\t<\/span>\n\t\t\t\t\t\t\t\t\t\t<span class=\"elementor-icon-list-text\"><\/span>\n\t\t\t\t\t\t\t\t\t\t\t<\/a>\n\t\t\t\t\t\t\t\t\t<\/li>\n\t\t\t\t\t\t\t\t<li class=\"elementor-icon-list-item elementor-inline-item\">\n\t\t\t\t\t\t\t\t\t\t\t<a href=\"https:\/\/www.linkedin.com\/company\/incredible-finance-intermedi%C3%A1rios-de-cr%C3%A9dito\/\">\n\n\t\t\t\t\t\t\t\t\t\t\t\t<span class=\"elementor-icon-list-icon\">\n\t\t\t\t\t\t\t<svg xmlns=\"http:\/\/www.w3.org\/2000\/svg\" width=\"43\" height=\"43\" viewbox=\"0 0 43 43\" fill=\"none\"><circle cx=\"21.5\" cy=\"21.5\" r=\"20.5\" fill=\"#DCECFF\"><\/circle><path fill-rule=\"evenodd\" clip-rule=\"evenodd\" d=\"M14.4024 12.002H30.5928C31.3688 12.002 32 12.6153 32 13.3705V29.6298C32 30.3868 31.3688 31.0014 30.594 31.0014H14.4024C13.6294 31.0014 13 30.3868 13 29.6298V13.3705C13 12.6153 13.6294 12.002 14.4024 12.002ZM18.6411 19.1224H15.8178V28.189H18.6411V19.1224ZM18.8602 16.2427C18.8602 15.342 18.1281 14.6099 17.2274 14.6099C17.0128 14.6097 16.8003 14.6517 16.602 14.7337C16.4037 14.8156 16.2234 14.9359 16.0716 15.0875C15.9198 15.2392 15.7994 15.4192 15.7172 15.6175C15.6351 15.8157 15.5928 16.0281 15.5928 16.2427C15.5939 16.676 15.7665 17.0912 16.0729 17.3975C16.3794 17.7039 16.7947 17.8764 17.228 17.8773C18.1281 17.8773 18.8602 17.1434 18.8602 16.2427ZM20.4081 19.1224H20.4039L20.4081 19.1206V19.1224ZM20.4081 19.1224V28.1872H23.2236V23.702C23.2236 22.5204 23.4493 21.3745 24.9158 21.3745C26.361 21.3745 26.38 22.7282 26.38 23.7792V28.1896H29.1962V23.2163C29.1962 20.7754 28.6695 18.8974 25.816 18.8974C24.4396 18.8974 23.5205 19.6491 23.1441 20.3616H23.1067V19.1224H20.4081Z\" fill=\"#DB4041\"><\/path><\/svg>\t\t\t\t\t\t<\/span>\n\t\t\t\t\t\t\t\t\t\t<span class=\"elementor-icon-list-text\"><\/span>\n\t\t\t\t\t\t\t\t\t\t\t<\/a>\n\t\t\t\t\t\t\t\t\t<\/li>\n\t\t\t\t\t\t\t\t<li class=\"elementor-icon-list-item elementor-inline-item\">\n\t\t\t\t\t\t\t\t\t\t\t<a href=\"https:\/\/www.instagram.com\/incredible.finance\/\">\n\n\t\t\t\t\t\t\t\t\t\t\t\t<span class=\"elementor-icon-list-icon\">\n\t\t\t\t\t\t\t<svg xmlns=\"http:\/\/www.w3.org\/2000\/svg\" width=\"43\" height=\"43\" viewbox=\"0 0 43 43\" fill=\"none\"><circle cx=\"21.5\" cy=\"21.5\" r=\"20.5\" fill=\"#DCECFF\"><\/circle><path d=\"M18.1923 22.2878C18.1923 20.578 19.578 19.1916 21.2878 19.1916C22.9975 19.1916 24.384 20.578 24.384 22.2878C24.384 23.9975 22.9975 25.384 21.2878 25.384C19.578 25.384 18.1923 23.9975 18.1923 22.2878ZM16.5186 22.2878C16.5186 24.9218 18.6538 27.0569 21.2878 27.0569C23.9218 27.0569 26.0569 24.9218 26.0569 22.2878C26.0569 19.6538 23.9218 17.5186 21.2878 17.5186C18.6538 17.5186 16.5187 19.6536 16.5187 22.2878M25.1313 17.3295C25.1312 17.55 25.1965 17.7655 25.3189 17.9488C25.4413 18.1321 25.6153 18.275 25.8189 18.3595C26.0225 18.4439 26.2466 18.4661 26.4628 18.4232C26.679 18.3802 26.8777 18.2742 27.0336 18.1184C27.1895 17.9626 27.2958 17.764 27.3388 17.5478C27.3819 17.3317 27.36 17.1075 27.2757 16.9039C27.1914 16.7002 27.0486 16.526 26.8654 16.4035C26.6822 16.281 26.4667 16.2155 26.2463 16.2154H26.2458C25.9503 16.2156 25.667 16.333 25.458 16.5419C25.2491 16.7508 25.1315 17.034 25.1313 17.3295ZM17.5355 29.8479C16.63 29.8066 16.1378 29.6558 15.8107 29.5284C15.3771 29.3596 15.0677 29.1585 14.7424 28.8337C14.4171 28.5088 14.2158 28.1997 14.0477 27.7661C13.9202 27.4392 13.7694 26.9468 13.7282 26.0413C13.6832 25.0623 13.6742 24.7682 13.6742 22.2879C13.6742 19.8076 13.6839 19.5144 13.7282 18.5346C13.7694 17.629 13.9214 17.1377 14.0477 16.8098C14.2165 16.3761 14.4176 16.0668 14.7424 15.7415C15.0673 15.4162 15.3764 15.2148 15.8107 15.0467C16.1377 14.9192 16.63 14.7684 17.5355 14.7272C18.5145 14.6822 18.8086 14.6732 21.2878 14.6732C23.7669 14.6732 24.0613 14.6828 25.0412 14.7274C25.9467 14.7686 26.438 14.9206 26.7659 15.0469C27.1996 15.2149 27.509 15.4168 27.8342 15.7416C28.1595 16.0665 28.3602 16.3763 28.529 16.8099C28.6565 17.1369 28.8073 17.6292 28.8485 18.5347C28.8935 19.5145 28.9025 19.8078 28.9025 22.2881C28.9025 24.7684 28.8935 25.0616 28.8485 26.0415C28.8072 26.947 28.6557 27.4392 28.529 27.7662C28.3602 28.1999 28.1591 28.5093 27.8342 28.8338C27.5094 29.1584 27.1996 29.3597 26.7659 29.5285C26.439 29.656 25.9467 29.8069 25.0412 29.848C24.0622 29.8931 23.7681 29.9021 21.2878 29.9021C18.8075 29.9021 18.5142 29.8931 17.5355 29.848M17.4586 13.0562C16.4699 13.1013 15.7942 13.2581 15.2042 13.4876C14.5935 13.7247 14.0759 14.0428 13.5589 14.5589C13.042 15.075 12.7247 15.5928 12.4876 16.2042C12.2581 16.7946 12.1013 17.4699 12.0562 18.4586C12.0105 19.4489 12 19.7655 12 22.2878C12 24.81 12.0105 25.1266 12.0562 26.1169C12.1013 27.1058 12.2581 27.7809 12.4876 28.3713C12.7247 28.982 13.0421 29.5007 13.5589 30.0166C14.0758 30.5325 14.5928 30.8501 15.2042 31.0879C15.7954 31.3175 16.4699 31.4743 17.4586 31.5193C18.4494 31.5643 18.7655 31.5756 21.2878 31.5756C23.81 31.5756 24.1266 31.5651 25.1169 31.5193C26.1058 31.4743 26.7809 31.3175 27.3713 31.0879C27.982 30.8501 28.4997 30.5327 29.0166 30.0166C29.5335 29.5005 29.8501 28.982 30.0879 28.3713C30.3175 27.7809 30.475 27.1057 30.5193 26.1169C30.5643 25.1259 30.5748 24.81 30.5748 22.2878C30.5748 19.7655 30.5643 19.4489 30.5193 18.4586C30.4743 17.4698 30.3175 16.7942 30.0879 16.2042C29.8501 15.5935 29.5327 15.0759 29.0166 14.5589C28.5005 14.042 27.982 13.7247 27.3721 13.4876C26.7809 13.2581 26.1057 13.1005 25.1177 13.0562C24.1272 13.011 23.8108 13 21.2889 13C18.767 13 18.4498 13.0105 17.459 13.0562\" fill=\"#DB4041\"><\/path><\/svg>\t\t\t\t\t\t<\/span>\n\t\t\t\t\t\t\t\t\t\t<span class=\"elementor-icon-list-text\"><\/span>\n\t\t\t\t\t\t\t\t\t\t\t<\/a>\n\t\t\t\t\t\t\t\t\t<\/li>\n\t\t\t\t\t\t<\/ul>\n\t\t\t\t\t\t<\/div>\n\t\t\t\t<\/div>\n\t\t\t\t\t<\/div>\n\t\t<\/div>\n\t\t\t\t<div class=\"elementor-column elementor-col-50 elementor-top-column elementor-element elementor-element-f44c13c\" data-id=\"f44c13c\" data-element_type=\"column\" id=\"maisinformacoes\">\n\t\t\t<div class=\"elementor-widget-wrap elementor-element-populated\">\n\t\t\t\t\t\t<div class=\"elementor-element elementor-element-dd101b5 elementor-widget elementor-widget-shortcode\" data-id=\"dd101b5\" data-element_type=\"widget\" data-widget_type=\"shortcode.default\">\n\t\t\t\t<div class=\"elementor-widget-container\">\n\t\t\t\t\t\t\t<div class=\"elementor-shortcode\">\n<div class=\"wpcf7 no-js\" id=\"wpcf7-f2384-o1\" lang=\"en-US\" dir=\"ltr\" data-wpcf7-id=\"2384\">\n<div class=\"screen-reader-response\"><p role=\"status\" aria-live=\"polite\" aria-atomic=\"true\"><\/p> <ul><\/ul><\/div>\n<form action=\"\/en\/wp-json\/wp\/v2\/pages\/2405#wpcf7-f2384-o1\" method=\"post\" class=\"wpcf7-form init\" aria-label=\"Contact form\" novalidate=\"novalidate\" data-status=\"init\" data-trp-original-action=\"\/en\/wp-json\/wp\/v2\/pages\/2405#wpcf7-f2384-o1\">\n<fieldset class=\"hidden-fields-container\"><input type=\"hidden\" name=\"_wpcf7\" value=\"2384\" \/><input type=\"hidden\" name=\"_wpcf7_version\" value=\"6.1.2\" \/><input type=\"hidden\" name=\"_wpcf7_locale\" value=\"en_US\" \/><input type=\"hidden\" name=\"_wpcf7_unit_tag\" value=\"wpcf7-f2384-o1\" \/><input type=\"hidden\" name=\"_wpcf7_container_post\" value=\"0\" \/><input type=\"hidden\" name=\"_wpcf7_posted_data_hash\" value=\"\" \/>\n<\/fieldset>\n<div class=\"form-one\">\n\t<div class=\"row row-gutter-y-20 row-gutter-x-20\">\n\t\t<div class=\"col-md-6 fn-form\">\n\t\t\t<span class=\"wpcf7-form-control-wrap\" data-name=\"your-name\"><input size=\"40\" maxlength=\"400\" class=\"wpcf7-form-control wpcf7-text wpcf7-validates-as-required\" aria-required=\"true\" aria-invalid=\"false\" placeholder=\"Nome\" value=\"\" type=\"text\" name=\"your-name\" \/><\/span>\n\t\t<\/div>\n\t\t<div class=\"col-md-6 fn-form\">\n\t\t\t<span class=\"wpcf7-form-control-wrap\" data-name=\"your-email\"><input size=\"40\" maxlength=\"400\" class=\"wpcf7-form-control wpcf7-email wpcf7-validates-as-required wpcf7-text wpcf7-validates-as-email\" aria-required=\"true\" aria-invalid=\"false\" placeholder=\"Email\" value=\"\" type=\"email\" name=\"your-email\" \/><\/span>\n\t\t<\/div>\n\t\t<div class=\"col-md-6 fn-form\">\n\t\t\t<span class=\"wpcf7-form-control-wrap\" data-name=\"your-phone\"><input size=\"40\" maxlength=\"400\" class=\"wpcf7-form-control wpcf7-text wpcf7-validates-as-required\" aria-required=\"true\" aria-invalid=\"false\" placeholder=\"Telefone\" value=\"\" type=\"text\" name=\"your-phone\" \/><\/span>\n\t\t<\/div>\n\t\t<div class=\"col-md-6 fn-form\">\n\t\t\t<span class=\"wpcf7-form-control-wrap\" data-name=\"your-subject\"><input size=\"40\" maxlength=\"400\" class=\"wpcf7-form-control wpcf7-text wpcf7-validates-as-required\" aria-required=\"true\" aria-invalid=\"false\" placeholder=\"Assunto\" value=\"\" type=\"text\" name=\"your-subject\" \/><\/span>\n\t\t<\/div>\n\t\t<div class=\"col-md-12 fn-form text-form\">\n\t\t\t<span class=\"wpcf7-form-control-wrap\" data-name=\"your-message\"><textarea cols=\"40\" rows=\"10\" maxlength=\"2000\" class=\"wpcf7-form-control wpcf7-textarea\" aria-invalid=\"false\" placeholder=\"Messagem\" name=\"your-message\"><\/textarea><\/span>\n                        <label>Ao clicar em &quot;Enviar Mensagem&quot; concorda com os nossos Termos e Condi\u00e7\u00f5es e com a nossa <a  href=\"https:\/\/www.incrediblefinance.eu\/en\/service\/politica-de-privacidade\/\">Pol\u00edtica de Privacidade<\/a>.<\/label>\n\t\t<\/div>\n\n\t\t<div class=\"col-md-12\">\n\t\t\t<div class=\"form-submit\">\n\t\t\t\t<input class=\"wpcf7-form-control wpcf7-submit has-spinner thm-btn\" type=\"submit\" value=\"Enviar Messagem\" \/>\n\t\t\t<\/div>\n\t\t<\/div>\n\t<\/div>\n<\/div>\n\n<!-- SCRIPT de redirecionamento -->\n<script>\n  document.addEventListener('wpcf7mailsent', function(event) {\n    \/\/ opcional: verifica se \u00e9 o formul\u00e1rio correto (substitui o ID se necess\u00e1rio)\n    \/\/ if (event.detail.contactFormId == 3950) {\n      window.location.href = \"\/obrigado\"; \/\/ substitui pela URL real da tua p\u00e1gina\n    \/\/ }\n  }, false);\n<\/script><div class=\"wpcf7-response-output\" aria-hidden=\"true\"><\/div>\n<input type=\"hidden\" name=\"trp-form-language\" value=\"en\"\/><\/form>\n<\/div>\n<\/div>\n\t\t\t\t\t\t<\/div>\n\t\t\t\t<\/div>\n\t\t\t\t\t<\/div>\n\t\t<\/div>\n\t\t\t\t\t<\/div>\n\t\t<\/section>\n\t\t\t\t<section class=\"elementor-section elementor-top-section elementor-element elementor-element-d622745 finlon-column-stretched-none elementor-section-boxed elementor-section-height-default elementor-section-height-default\" data-id=\"d622745\" data-element_type=\"section\">\n\t\t\t\t\t\t<div class=\"elementor-container elementor-column-gap-default\">\n\t\t\t\t\t<div class=\"elementor-column elementor-col-100 elementor-top-column elementor-element elementor-element-76888d8\" data-id=\"76888d8\" data-element_type=\"column\">\n\t\t\t<div class=\"elementor-widget-wrap elementor-element-populated\">\n\t\t\t\t\t\t<div class=\"elementor-element elementor-element-1705c49 elementor-icon-list--layout-inline elementor-align-center elementor-mobile-align-left elementor-list-item-link-full_width elementor-widget elementor-widget-icon-list\" data-id=\"1705c49\" data-element_type=\"widget\" data-widget_type=\"icon-list.default\">\n\t\t\t\t<div class=\"elementor-widget-container\">\n\t\t\t\t\t\t\t<ul class=\"elementor-icon-list-items elementor-inline-items\">\n\t\t\t\t\t\t\t<li class=\"elementor-icon-list-item elementor-inline-item\">\n\t\t\t\t\t\t\t\t\t\t\t<span class=\"elementor-icon-list-icon\">\n\t\t\t\t\t\t\t<svg xmlns=\"http:\/\/www.w3.org\/2000\/svg\" width=\"35\" height=\"35\" viewbox=\"0 0 35 35\" fill=\"none\"><path d=\"M26.0576 19.8288C24.6568 19.8288 23.7048 19.6792 22.44 19.2712C22.3312 19.2304 22.2088 19.2168 22.0864 19.2168C21.7872 19.2168 21.488 19.312 21.284 19.5432C20.8216 20.0736 19.6248 21.828 19.6248 21.828C16.4696 20.2096 13.7904 17.5032 12.1584 14.3616C12.1584 14.3616 13.94 13.1104 14.4704 12.716C14.8376 12.444 14.8784 11.9544 14.756 11.56C14.3344 10.2952 14.1576 9.34325 14.1576 7.92885C14.1576 7.30325 13.6408 6.80005 13.0288 6.80005H7.92885C7.30325 6.80005 6.80005 7.31685 6.80005 7.92885C6.80005 18.5776 15.4224 27.2 26.0712 27.2C26.6968 27.2 27.2 26.6832 27.2 26.0712V20.9848C27.2 20.3592 26.6832 19.856 26.0712 19.856L26.0576 19.8288Z\" fill=\"#DB4041\"><\/path><\/svg>\t\t\t\t\t\t<\/span>\n\t\t\t\t\t\t\t\t\t\t<span class=\"elementor-icon-list-text\">+351 938 954 010 <p>(CHAMADA PARA REDE M\u00d3VEL NACIONAL)<\/p><\/span>\n\t\t\t\t\t\t\t\t\t<\/li>\n\t\t\t\t\t\t\t\t<li class=\"elementor-icon-list-item elementor-inline-item\">\n\t\t\t\t\t\t\t\t\t\t\t<span class=\"elementor-icon-list-icon\">\n\t\t\t\t\t\t\t<svg xmlns=\"http:\/\/www.w3.org\/2000\/svg\" width=\"35\" height=\"35\" viewbox=\"0 0 35 35\" fill=\"none\"><path fill-rule=\"evenodd\" clip-rule=\"evenodd\" d=\"M27.1592 11.0839C27.1864 11.1791 27.2 11.2879 27.2 11.3967L27.1864 11.3967L27.1864 22.6303C27.1864 22.6711 27.1796 22.7153 27.1728 22.7595C27.166 22.8037 27.1592 22.8479 27.1592 22.8887L21.3928 15.4631L27.1592 11.0839ZM26.1663 9.77842L16.9591 16.7688L7.77914 9.79202C8.07834 9.62882 8.44554 9.52002 8.82634 9.52002L25.1463 9.52002C25.5271 9.52002 25.8671 9.61522 26.1663 9.77842ZM6.82718 11.1251L6.82261 11.1567C6.81069 11.2388 6.79998 11.3126 6.79998 11.3971L6.79998 22.6171C6.79998 22.6171 6.81358 22.7395 6.82718 22.8075L12.5392 15.4635L6.84078 11.1387L6.82718 11.1251ZM16.9591 18.8222L20.1007 16.4422L26.1527 24.235C25.8535 24.3846 25.5135 24.4798 25.1463 24.4798L8.82634 24.4798C8.44554 24.4798 8.09194 24.3846 7.77914 24.2078L13.8175 16.4422L16.9591 18.8222Z\" fill=\"#DB4041\"><\/path><\/svg>\t\t\t\t\t\t<\/span>\n\t\t\t\t\t\t\t\t\t\t<span class=\"elementor-icon-list-text\">geral@incrediblefinance.eu<\/span>\n\t\t\t\t\t\t\t\t\t<\/li>\n\t\t\t\t\t\t\t\t<li class=\"elementor-icon-list-item elementor-inline-item\">\n\t\t\t\t\t\t\t\t\t\t\t<span class=\"elementor-icon-list-icon\">\n\t\t\t\t\t\t\t<svg xmlns=\"http:\/\/www.w3.org\/2000\/svg\" width=\"36\" height=\"35\" viewbox=\"0 0 36 35\" fill=\"none\"><path d=\"M17.544 5.43994C12.9744 5.43994 8.83997 8.93605 8.83997 14.3615C8.83997 17.9737 11.7413 22.2532 17.544 27.1999C23.3466 22.2532 26.248 17.9737 26.248 14.3615C26.248 8.93605 22.1136 5.43994 17.544 5.43994ZM17.544 16.3199C16.3544 16.3199 15.368 15.3335 15.368 14.1439C15.368 12.9544 16.3544 11.9679 17.544 11.9679C18.7335 11.9679 19.72 12.9544 19.72 14.1439C19.72 15.3335 18.7335 16.3199 17.544 16.3199Z\" fill=\"#DB4041\"><\/path><\/svg>\t\t\t\t\t\t<\/span>\n\t\t\t\t\t\t\t\t\t\t<span class=\"elementor-icon-list-text\">Avenida Jo\u00e3o XXI, 477  4715 - 035 Braga<\/span>\n\t\t\t\t\t\t\t\t\t<\/li>\n\t\t\t\t\t\t<\/ul>\n\t\t\t\t\t\t<\/div>\n\t\t\t\t<\/div>\n\t\t\t\t\t<\/div>\n\t\t<\/div>\n\t\t\t\t\t<\/div>\n\t\t<\/section>\n\t\t\t\t<section class=\"elementor-section elementor-top-section elementor-element elementor-element-e556a07 elementor-section-full_width finlon-column-stretched-none elementor-section-height-default elementor-section-height-default\" data-id=\"e556a07\" data-element_type=\"section\">\n\t\t\t\t\t\t<div class=\"elementor-container elementor-column-gap-default\">\n\t\t\t\t\t<div class=\"elementor-column elementor-col-100 elementor-top-column elementor-element elementor-element-8a042b3\" data-id=\"8a042b3\" data-element_type=\"column\">\n\t\t\t<div class=\"elementor-widget-wrap elementor-element-populated\">\n\t\t\t\t\t\t<div class=\"elementor-element elementor-element-cadb7b5 elementor-widget elementor-widget-google_maps\" data-id=\"cadb7b5\" data-element_type=\"widget\" data-widget_type=\"google_maps.default\">\n\t\t\t\t<div class=\"elementor-widget-container\">\n\t\t\t\t\t\t\t<div class=\"elementor-custom-embed\">\n\t\t\t<iframe loading=\"lazy\"\n\t\t\t\t\tsrc=\"https:\/\/maps.google.com\/maps?q=Av.%20Jo%C3%A3o%20XXI%20477%2C%204715-035%20Braga&#038;t=m&#038;z=18&#038;output=embed&#038;iwloc=near\"\n\t\t\t\t\ttitle=\"Av. Jo\u00e3o XXI 477, 4715-035 Braga\"\n\t\t\t\t\taria-label=\"Av. Jo\u00e3o XXI 477, 4715-035 Braga\"\n\t\t\t><\/iframe>\n\t\t<\/div>\n\t\t\t\t\t\t<\/div>\n\t\t\t\t<\/div>\n\t\t\t\t\t<\/div>\n\t\t<\/div>\n\t\t\t\t\t<\/div>\n\t\t<\/section>\n\t\t\t\t<section class=\"elementor-section elementor-top-section elementor-element elementor-element-09b5b93 finlon-column-stretched-none elementor-section-boxed elementor-section-height-default elementor-section-height-default\" data-id=\"09b5b93\" data-element_type=\"section\" data-settings=\"{&quot;background_background&quot;:&quot;classic&quot;}\">\n\t\t\t\t\t\t<div class=\"elementor-container elementor-column-gap-default\">\n\t\t\t\t\t<div class=\"elementor-column elementor-col-50 elementor-top-column elementor-element elementor-element-74a28c8\" data-id=\"74a28c8\" data-element_type=\"column\" data-settings=\"{&quot;background_background&quot;:&quot;classic&quot;}\">\n\t\t\t<div class=\"elementor-widget-wrap elementor-element-populated\">\n\t\t\t\t\t\t<div class=\"elementor-element elementor-element-6c6baa2 elementor-widget elementor-widget-image\" data-id=\"6c6baa2\" data-element_type=\"widget\" data-widget_type=\"image.default\">\n\t\t\t\t<div class=\"elementor-widget-container\">\n\t\t\t\t\t\t\t\t\t\t\t\t\t\t\t<img decoding=\"async\" width=\"300\" height=\"142\" src=\"https:\/\/www.incrediblefinance.eu\/wp-content\/uploads\/2023\/12\/Pedido_Contacto_Credito_Habitacao_Incredible_Finance-300x142.webp\" class=\"attachment-medium size-medium wp-image-4440\" alt=\"\" srcset=\"https:\/\/www.incrediblefinance.eu\/wp-content\/uploads\/2023\/12\/Pedido_Contacto_Credito_Habitacao_Incredible_Finance-300x142.webp 300w, https:\/\/www.incrediblefinance.eu\/wp-content\/uploads\/2023\/12\/Pedido_Contacto_Credito_Habitacao_Incredible_Finance-1024x484.webp 1024w, https:\/\/www.incrediblefinance.eu\/wp-content\/uploads\/2023\/12\/Pedido_Contacto_Credito_Habitacao_Incredible_Finance-768x363.webp 768w, https:\/\/www.incrediblefinance.eu\/wp-content\/uploads\/2023\/12\/Pedido_Contacto_Credito_Habitacao_Incredible_Finance-370x175.webp 370w, https:\/\/www.incrediblefinance.eu\/wp-content\/uploads\/2023\/12\/Pedido_Contacto_Credito_Habitacao_Incredible_Finance.webp 1060w\" sizes=\"(max-width: 300px) 100vw, 300px\" \/>\t\t\t\t\t\t\t\t\t\t\t\t\t\t\t<\/div>\n\t\t\t\t<\/div>\n\t\t\t\t<div class=\"elementor-element elementor-element-a701837 elementor-widget elementor-widget-text-editor\" data-id=\"a701837\" data-element_type=\"widget\" data-widget_type=\"text-editor.default\">\n\t\t\t\t<div class=\"elementor-widget-container\">\n\t\t\t\t\t\t\t\t\t<p><span style=\"color: #fff; font-size: 16px;\"><br><\/span><\/p><p><span style=\"color: #fff; font-size: 16px;\">Faz um pedido de contacto ou liga:<\/span><\/p><p><span style=\"color: rgb(255, 255, 255); font-size: 25px;\">+351 938 954 010<\/span><\/p><p><span style=\"color: rgb(0, 0, 0); font-size: 14px;\">(CHAMADA PARA REDE M\u00d3VEL NACIONAL)<\/span><\/p>\t\t\t\t\t\t\t\t<\/div>\n\t\t\t\t<\/div>\n\t\t\t\t\t<\/div>\n\t\t<\/div>\n\t\t\t\t<div class=\"elementor-column elementor-col-50 elementor-top-column elementor-element elementor-element-f83dc46\" data-id=\"f83dc46\" data-element_type=\"column\" data-settings=\"{&quot;background_background&quot;:&quot;classic&quot;}\">\n\t\t\t<div class=\"elementor-widget-wrap elementor-element-populated\">\n\t\t\t\t\t\t<div class=\"elementor-element elementor-element-e0b45f7 elementor-widget elementor-widget-shortcode\" data-id=\"e0b45f7\" data-element_type=\"widget\" data-widget_type=\"shortcode.default\">\n\t\t\t\t<div class=\"elementor-widget-container\">\n\t\t\t\t\t\t\t<div class=\"elementor-shortcode\">\n<div class=\"wpcf7 no-js\" id=\"wpcf7-f8-o2\" lang=\"pt-PT\" dir=\"ltr\" data-wpcf7-id=\"8\">\n<div class=\"screen-reader-response\"><p role=\"status\" aria-live=\"polite\" aria-atomic=\"true\"><\/p> <ul><\/ul><\/div>\n<form action=\"\/en\/wp-json\/wp\/v2\/pages\/2405#wpcf7-f8-o2\" method=\"post\" class=\"wpcf7-form init\" aria-label=\"Formul\u00e1rio de contacto\" novalidate=\"novalidate\" data-status=\"init\" data-trp-original-action=\"\/en\/wp-json\/wp\/v2\/pages\/2405#wpcf7-f8-o2\">\n<fieldset class=\"hidden-fields-container\"><input type=\"hidden\" name=\"_wpcf7\" value=\"8\" \/><input type=\"hidden\" name=\"_wpcf7_version\" value=\"6.1.2\" \/><input type=\"hidden\" name=\"_wpcf7_locale\" value=\"pt_PT\" \/><input type=\"hidden\" name=\"_wpcf7_unit_tag\" value=\"wpcf7-f8-o2\" \/><input type=\"hidden\" name=\"_wpcf7_container_post\" value=\"0\" \/><input type=\"hidden\" name=\"_wpcf7_posted_data_hash\" value=\"\" \/>\n<\/fieldset>\n<div class=\"cont-form-gr\">\n<div class=\"cont-form-gr1\">\n<div class=\"row row-gutter-y-20 row-gutter-x-20\">\n  <div class=\"col-md-4 cont-form\">\n      <span class=\"wpcf7-form-control-wrap\" data-name=\"your-name\"><input size=\"40\" maxlength=\"400\" class=\"wpcf7-form-control wpcf7-text wpcf7-validates-as-required\" aria-required=\"true\" aria-invalid=\"false\" placeholder=\"Insere o teu nome\" value=\"\" type=\"text\" name=\"your-name\" \/><\/span> \n  <\/div>\n\n  <div class=\"col-md-4 cont-form\">\n      <span class=\"wpcf7-form-control-wrap\" data-name=\"tel\"><input size=\"40\" maxlength=\"400\" class=\"wpcf7-form-control wpcf7-tel wpcf7-validates-as-required wpcf7-text wpcf7-validates-as-tel\" aria-required=\"true\" aria-invalid=\"false\" placeholder=\"Insere o teu contacto\" value=\"\" type=\"tel\" name=\"tel\" \/><\/span> \n <\/div>\n<\/div>\n  <div class=\"term-form\">\n    <span class=\"wpcf7-form-control-wrap\" data-name=\"acceptance-631\"><span class=\"wpcf7-form-control wpcf7-acceptance\"><span class=\"wpcf7-list-item\"><label><input type=\"checkbox\" name=\"acceptance-631\" value=\"1\" aria-invalid=\"false\" \/><span class=\"wpcf7-list-item-label\">Li e compreendi a informa\u00e7\u00e3o sobre o uso dos meus dados pessoais como explicado pela <a href=\"https:\/\/www.incrediblefinance.eu\/en\/service\/politica-de-privacidade\/\">Pol\u00edtica de Privacidade.<\/a>*<\/span><\/label><\/span><\/span><\/span>\n  <\/div>\n\n  <div class=\"bt-form-gr\">\n    <input class=\"wpcf7-form-control wpcf7-submit has-spinner\" type=\"submit\" value=\"Pedido de Contacto\" \/>\n  <\/div>\n<\/div>\n<\/div><div class=\"wpcf7-response-output\" aria-hidden=\"true\"><\/div>\n<input type=\"hidden\" name=\"trp-form-language\" value=\"en\"\/><\/form>\n<\/div>\n<\/div>\n\t\t\t\t\t\t<\/div>\n\t\t\t\t<\/div>\n\t\t\t\t\t<\/div>\n\t\t<\/div>\n\t\t\t\t\t<\/div>\n\t\t<\/section>\n\t\t\t\t<\/div>","protected":false},"excerpt":{"rendered":"<p>Simula o Teu Cr\u00e9dito Habita\u00e7\u00e3o Connosco. Estamos aqui para simplificar a negocia\u00e7\u00e3o do teu cr\u00e9dito habita\u00e7\u00e3o, garantindo um futuro mais seguro e tranquilo. +351 938 954 010 (CHAMADA PARA REDE M\u00d3VEL NACIONAL) geral@incrediblefinance.eu Avenida Jo\u00e3o XXI, 477 4715 &#8211; 035 Braga Faz um pedido de contacto ou liga: +351 938 954 010 (CHAMADA PARA REDE [&hellip;]<\/p>","protected":false},"author":1,"featured_media":0,"parent":0,"menu_order":0,"comment_status":"closed","ping_status":"closed","template":"page-template\/full-width-page-template.php","meta":{"inline_featured_image":false,"footnotes":""},"class_list":["post-2405","page","type-page","status-publish","hentry"],"aioseo_notices":[],"_links":{"self":[{"href":"https:\/\/www.incrediblefinance.eu\/en\/wp-json\/wp\/v2\/pages\/2405","targetHints":{"allow":["GET"]}}],"collection":[{"href":"https:\/\/www.incrediblefinance.eu\/en\/wp-json\/wp\/v2\/pages"}],"about":[{"href":"https:\/\/www.incrediblefinance.eu\/en\/wp-json\/wp\/v2\/types\/page"}],"author":[{"embeddable":true,"href":"https:\/\/www.incrediblefinance.eu\/en\/wp-json\/wp\/v2\/users\/1"}],"replies":[{"embeddable":true,"href":"https:\/\/www.incrediblefinance.eu\/en\/wp-json\/wp\/v2\/comments?post=2405"}],"version-history":[{"count":24,"href":"https:\/\/www.incrediblefinance.eu\/en\/wp-json\/wp\/v2\/pages\/2405\/revisions"}],"predecessor-version":[{"id":6649,"href":"https:\/\/www.incrediblefinance.eu\/en\/wp-json\/wp\/v2\/pages\/2405\/revisions\/6649"}],"wp:attachment":[{"href":"https:\/\/www.incrediblefinance.eu\/en\/wp-json\/wp\/v2\/media?parent=2405"}],"curies":[{"name":"wp","href":"https:\/\/api.w.org\/{rel}","templated":true}]}}